{"id":2,"date":"2011-01-25T00:24:54","date_gmt":"2011-01-24T23:24:54","guid":{"rendered":"http:\/\/www.aroundthewoorld.fr\/?page_id=2"},"modified":"2014-11-06T19:39:54","modified_gmt":"2014-11-06T18:39:54","slug":"a-propos","status":"publish","type":"page","link":"https:\/\/www.aroundthewoorld.fr\/?page_id=2","title":{"rendered":"\u00c0 propos"},"content":{"rendered":"<p>&nbsp;<br \/>\n&nbsp;<br \/>\n<strong>Deux potes en voyage autour du monde&#8230;<\/strong> Pas de programme bien d\u00e9fini mais la volont\u00e9 d&rsquo;aller un peu partout, de rencontrer des gens et de d\u00e9couvrir des cultures et paysages plus ou moins inconnus pendant 11 mois.<\/p>\n<p>On trimballe avec nous le <strong>symbole de notre r\u00e9gion d&rsquo;origine<\/strong> customis\u00e9 et offert par les copains, afin d&rsquo;essayer de coloniser un maximum d&rsquo;endroits. Consultez r\u00e9guli\u00e8rement <a title=\"vers la page Gwenn ha Du\" href=\"http:\/\/www.aroundthewoorld.fr\/?p=214\">la page d\u00e9di\u00e9e<\/a> pour \u00eatre \u00ab\u00a0up-to-date\u00a0\u00bb.<\/p>\n<p>Vous pouvez aussi <strong>nous suivre <\/strong>visuellement sur <a title=\"vers la Cartomancie\" href=\"http:\/\/www.aroundthewoorld.fr\/?page_id=632\">les cartes ici<\/a>, ou sur <a title=\"vers notre page Twitter\" href=\"https:\/\/twitter.com\/#!\/aroundthewoorld\">le r\u00e9seau social qui gazouille<\/a>.<\/p>\n<p><strong>Technique <\/strong>: On a constat\u00e9 des d\u00e9fauts d&rsquo;affichage avec un navigateur commercial de Microsoft, jusqu&rsquo;\u00e0 sa version 8. Nous conseillons l&rsquo;usage de <a title=\"Internet Explorer\" href=\"http:\/\/www.microsoft.com\/france\/windows\/internet-explorer\/telecharger-ie9.aspx\" target=\"_blank\">sa version \u00e0 jour<\/a> ou d&rsquo;<a title=\"Firefox\" href=\"http:\/\/www.mozilla.com\/fr\/firefox\/\" target=\"_blank\">un autre produit plus conforme aux standards et \u00e0 vocation non commerciale<\/a>, ou <a title=\"Chromium\" href=\"http:\/\/www.commentcamarche.net\/download\/start\/telecharger-34076765-chromium\">encore un autre<\/a>.<\/p>\n<p>D&rsquo;habitude on est assez \u00e0 cheval sur l&rsquo;orthographe, la ponctuation, et m\u00eame les accents, mais malheureusement on ne dispose pas toujours des moyens techniques suffisants pour satisfaire \u00e0 ces exigences. Merci de votre compr\u00e9hension et consultez <a href=\"http:\/\/fr.wikipedia.org\/wiki\/Espace_typographique\">ce point particulier qui ne nous simplifie pas la t\u00e2che.<\/a><\/p>\n<p>Enfin, on voudrait rendre un hommage appuy\u00e9 \u00e0 <strong><em>Gilles Gabriel<\/em><\/strong>, grand photographe devant l\u2019\u00e9ternel, sans qui nos clich\u00e9s seraient flous, voire jaunis&#8230; Aussi surprenant que cela puisse paraitre, il nous est apparu dans un poste de t\u00e9l\u00e9vision (dans un bus) pendant notre voyage vers Buenos Aires et sa chanson ne nous quitte (quasiment) plus depuis.<\/ul>\n<p><strong>Son hit, <em>Flou de Toi<\/em> :<\/strong><\/p>\n<p><a href='http:\/\/www.aroundthewoorld.fr\/wp-content\/uploads\/2011\/01\/Gilles-Gabriel-Flou-de-Toi.mp3'>Gilles Gabriel &#8211; Flou de Toi<\/a><\/p>\n<p><em>Travelling avant sur nos dix ans<\/em><br \/>\n<em> Comme deux amants, comme deux aimants<\/em><br \/>\n<em> J&rsquo;\u00e9tais le moins, t&rsquo;\u00e9tais le plus<\/em><br \/>\n<em> Faut que je fasse le point, j&rsquo;suis plus focus<\/em><\/p>\n<p><em> Flou de toi, compl\u00e8tement flou en moi<\/em><br \/>\n<em> Mais qu&rsquo;est-ce qui nous arrive ?<\/em><br \/>\n<em> J&rsquo;ai perdu la diapositive<\/em><br \/>\n<em> Flou en moi, compl\u00e8tement flou de toi<\/em><br \/>\n<em> Comme un instantan\u00e9, j&rsquo;veux pas jaunir sur le clich\u00e9<\/em><\/p>\n<div id=\"attachment_350\" style=\"width: 347px\" class=\"wp-caption aligncenter\"><em><a href=\"http:\/\/www.aroundthewoorld.fr\/wp-content\/uploads\/2011\/01\/gilles.jpg\"><img aria-describedby=\"caption-attachment-350\" loading=\"lazy\" class=\"size-full wp-image-350\" title=\"gilles\" src=\"http:\/\/www.aroundthewoorld.fr\/wp-content\/uploads\/2011\/01\/gilles.jpg\" alt=\"\" width=\"337\" height=\"450\" \/><\/a><\/em><p id=\"caption-attachment-350\" class=\"wp-caption-text\">Nous aussi on t&#39;aime<\/p><\/div>\n<\/ul>\n<p><strong>Autre musique<\/strong>, de bons amis qu&rsquo;on soutient, <a title=\"SImon L\u00e4uft\" href=\"https:\/\/soundcloud.com\/simon-lauft\/\" target=\"_blank\">Simon L\u00e4uft :<\/a><br \/>\n<iframe loading=\"lazy\" width=\"100%\" height=\"650\" scrolling=\"no\" frameborder=\"no\" src=\"https:\/\/w.soundcloud.com\/player\/?url=https%3A\/\/api.soundcloud.com\/playlists\/56779560&amp;auto_play=false&amp;hide_related=false&amp;show_comments=true&amp;show_user=true&amp;show_reposts=false&amp;visual=true\"><\/iframe><\/p>\n<ul>\n<ul><strong>Pour nous contacter : <a href=\"mailto:aroundthewoorld@gmail.com?subject=votre objet&amp;body=Bonjour, \">aroundthewoorld@gmail.com<\/a><\/strong><\/ul>\n","protected":false},"excerpt":{"rendered":"&nbsp;\n&nbsp;\nDeux potes en voyage autour du monde&#8230; Pas de programme bien d\u00e9fini mais la volont\u00e9 d&rsquo;aller un peu partout, de rencontrer des gens et de &hellip;","protected":false},"author":1,"featured_media":0,"parent":0,"menu_order":4,"comment_status":"open","ping_status":"open","template":"","meta":{"_links_to":"","_links_to_target":""},"_links":{"self":[{"href":"https:\/\/www.aroundthewoorld.fr\/index.php?rest_route=\/wp\/v2\/pages\/2"}],"collection":[{"href":"https:\/\/www.aroundthewoorld.fr\/index.php?rest_route=\/wp\/v2\/pages"}],"about":[{"href":"https:\/\/www.aroundthewoorld.fr\/index.php?rest_route=\/wp\/v2\/types\/page"}],"author":[{"embeddable":true,"href":"https:\/\/www.aroundthewoorld.fr\/index.php?rest_route=\/wp\/v2\/users\/1"}],"replies":[{"embeddable":true,"href":"https:\/\/www.aroundthewoorld.fr\/index.php?rest_route=%2Fwp%2Fv2%2Fcomments&post=2"}],"version-history":[{"count":40,"href":"https:\/\/www.aroundthewoorld.fr\/index.php?rest_route=\/wp\/v2\/pages\/2\/revisions"}],"predecessor-version":[{"id":281,"href":"https:\/\/www.aroundthewoorld.fr\/index.php?rest_route=\/wp\/v2\/pages\/2\/revisions\/281"}],"wp:attachment":[{"href":"https:\/\/www.aroundthewoorld.fr\/index.php?rest_route=%2Fwp%2Fv2%2Fmedia&parent=2"}],"curies":[{"name":"wp","href":"https:\/\/api.w.org\/{rel}","templated":true}]}}